{"id":7704,"date":"2023-05-13T08:26:14","date_gmt":"2023-05-13T08:26:14","guid":{"rendered":"https:\/\/www.tursteel.com\/?page_id=7704"},"modified":"2023-05-13T08:26:14","modified_gmt":"2023-05-13T08:26:14","slug":"ekibimiz","status":"publish","type":"page","link":"https:\/\/www.tursteel.com\/index.php\/kurumsal\/ekibimiz\/","title":{"rendered":"Ekibimiz"},"content":{"rendered":"<p><strong>Tursteel Personeli<\/strong><\/p>\n<p>\u00c7al\u0131\u015fanlar aras\u0131nda e\u015fitlik felsefemizdir. Bu nedenle \u00e7al\u0131\u015fanlar\u0131m\u0131z\u0131n her birinin fikrini \u00f6nemsiyor ve fikirlerine ayr\u0131 ayr\u0131 de\u011fer veriyoruz. \u00c7al\u0131\u015fanlar\u0131m\u0131z\u0131n firmam\u0131za kataca\u011f\u0131 yenilik\u00e7i ve yarat\u0131c\u0131 d\u00fc\u015f\u00fcncelerini destekleyerek, kendisini mutlu hisseden ve firmas\u0131na da o mutlulu\u011fu hissettiren \u00e7al\u0131\u015fanlar olu\u015fturmaktay\u0131z. Ba\u015far\u0131lar\u0131m\u0131z\u0131n arkas\u0131nda kendini i\u015fine adam\u0131\u015f, firman\u0131n geli\u015fmesinde ve ilerlemesinde hi\u00e7bir zaman y\u0131lmadan yorulmadan katk\u0131da bulunmu\u015f \u00e7al\u0131\u015fan\u0131n eme\u011fi ve rol\u00fc b\u00fcy\u00fckt\u00fcr. TURSTEEL A.\u015e. bundan sonra da \u00e7al\u0131\u015fanlar\u0131n\u0131n emek ve katk\u0131lar\u0131yla de\u011fer katmaya ve kalitesini \u015fekillendirmeye devam edecektir.<\/p>\n<p>T\u00fcm \u00e7al\u0131\u015fanlar\u0131n\u0131 yeterli bilgi ve beceriyle donatarak; i\u015fleriyle ilgili sorumluluk almalar\u0131 ve yapt\u0131klar\u0131 i\u015fi benimseyip kat\u0131l\u0131mlar\u0131n\u0131 artt\u0131rmalar\u0131n\u0131 te\u015fvik eder,<\/p>\n<p>\u00c7al\u0131\u015fanlar\u0131n ki\u015fisel geli\u015fimi, memnuniyeti ve \u015firkete ba\u011fl\u0131l\u0131\u011f\u0131n\u0131 art\u0131rmak i\u00e7in gerekli olan t\u00fcm kaynaklar\u0131 harekete ge\u00e7irir.<\/p>\n<p>\u00c7al\u0131\u015fanlar yapt\u0131klar\u0131 i\u015flerin kaliteli yap\u0131lmas\u0131ndan, s\u00fcrekli geli\u015ftirilmesinden ve verimlili\u011fin artt\u0131r\u0131lmas\u0131ndan sorumludur.<\/p>\n","protected":false},"excerpt":{"rendered":"<p>Tursteel Personeli \u00c7al\u0131\u015fanlar aras\u0131nda e\u015fitlik felsefemizdir. Bu nedenle \u00e7al\u0131\u015fanlar\u0131m\u0131z\u0131n her birinin fikrini \u00f6nemsiyor ve fikirlerine ayr\u0131 ayr\u0131 de\u011fer veriyoruz. \u00c7al\u0131\u015fanlar\u0131m\u0131z\u0131n firmam\u0131za kataca\u011f\u0131 yenilik\u00e7i ve yarat\u0131c\u0131 d\u00fc\u015f\u00fcncelerini destekleyerek, kendisini mutlu hisseden ve firmas\u0131na da o mutlulu\u011fu hissettiren \u00e7al\u0131\u015fanlar olu\u015fturmaktay\u0131z. Ba\u015far\u0131lar\u0131m\u0131z\u0131n arkas\u0131nda kendini i\u015fine adam\u0131\u015f, firman\u0131n geli\u015fmesinde ve ilerlemesinde hi\u00e7bir zaman y\u0131lmadan yorulmadan katk\u0131da bulunmu\u015f \u00e7al\u0131\u015fan\u0131n eme\u011fi [&hellip;]<\/p>\n","protected":false},"author":1,"featured_media":0,"parent":33,"menu_order":0,"comment_status":"closed","ping_status":"closed","template":"","meta":{"footnotes":""},"class_list":["post-7704","page","type-page","status-publish","hentry"],"_links":{"self":[{"href":"https:\/\/www.tursteel.com\/index.php\/wp-json\/wp\/v2\/pages\/7704","targetHints":{"allow":["GET"]}}],"collection":[{"href":"https:\/\/www.tursteel.com\/index.php\/wp-json\/wp\/v2\/pages"}],"about":[{"href":"https:\/\/www.tursteel.com\/index.php\/wp-json\/wp\/v2\/types\/page"}],"author":[{"embeddable":true,"href":"https:\/\/www.tursteel.com\/index.php\/wp-json\/wp\/v2\/users\/1"}],"replies":[{"embeddable":true,"href":"https:\/\/www.tursteel.com\/index.php\/wp-json\/wp\/v2\/comments?post=7704"}],"version-history":[{"count":1,"href":"https:\/\/www.tursteel.com\/index.php\/wp-json\/wp\/v2\/pages\/7704\/revisions"}],"predecessor-version":[{"id":7705,"href":"https:\/\/www.tursteel.com\/index.php\/wp-json\/wp\/v2\/pages\/7704\/revisions\/7705"}],"up":[{"embeddable":true,"href":"https:\/\/www.tursteel.com\/index.php\/wp-json\/wp\/v2\/pages\/33"}],"wp:attachment":[{"href":"https:\/\/www.tursteel.com\/index.php\/wp-json\/wp\/v2\/media?parent=7704"}],"curies":[{"name":"wp","href":"https:\/\/api.w.org\/{rel}","templated":true}]}}