{"id":7698,"date":"2023-05-13T08:24:39","date_gmt":"2023-05-13T08:24:39","guid":{"rendered":"https:\/\/www.tursteel.com\/?page_id=7698"},"modified":"2023-06-05T08:47:51","modified_gmt":"2023-06-05T08:47:51","slug":"ilkelerimiz-degerlerimiz","status":"publish","type":"page","link":"https:\/\/www.tursteel.com\/index.php\/kurumsal\/ilkelerimiz-degerlerimiz\/","title":{"rendered":"\u0130lkelerimiz &#038; De\u011ferlerimiz"},"content":{"rendered":"\t\t<div data-elementor-type=\"wp-page\" data-elementor-id=\"7698\" class=\"elementor elementor-7698\">\n\t\t\t\t\t\t\t        <section class=\"elementor-section elementor-top-section elementor-element elementor-element-4bec63a elementor-section-boxed elementor-section-height-default elementor-section-height-default ct-header-fixed-none ct-column-none ct-row-scroll-none ct-row-gradient--none\" data-id=\"4bec63a\" data-element_type=\"section\">\n            \n                        <div class=\"elementor-container elementor-column-gap-default \">\n                    <div class=\"elementor-column elementor-col-100 elementor-top-column elementor-element elementor-element-d554704 ct-column-none col-offset-none\" data-id=\"d554704\" data-element_type=\"column\">\n            <div class=\"elementor-widget-wrap elementor-element-populated\">\n                        \t\t<div class=\"elementor-element elementor-element-1f4342e elementor-widget elementor-widget-text-editor\" data-id=\"1f4342e\" data-element_type=\"widget\" data-widget_type=\"text-editor.default\">\n\t\t\t\t<div class=\"elementor-widget-container\">\n\t\t\t<style>\/*! elementor - v3.18.0 - 08-12-2023 *\/\n.elementor-widget-text-editor.elementor-drop-cap-view-stacked .elementor-drop-cap{background-color:#69727d;color:#fff}.elementor-widget-text-editor.elementor-drop-cap-view-framed .elementor-drop-cap{color:#69727d;border:3px solid;background-color:transparent}.elementor-widget-text-editor:not(.elementor-drop-cap-view-default) .elementor-drop-cap{margin-top:8px}.elementor-widget-text-editor:not(.elementor-drop-cap-view-default) .elementor-drop-cap-letter{width:1em;height:1em}.elementor-widget-text-editor .elementor-drop-cap{float:left;text-align:center;line-height:1;font-size:50px}.elementor-widget-text-editor .elementor-drop-cap-letter{display:inline-block}<\/style>\t\t\t\t<p style=\"text-align: center;\"><strong>\u00dcr\u00fcn kalitesi, Profesyonel hizmet, % 100 Memnuniyet, M\u00fckemmellik, Tak\u0131m \u00c7al\u0131\u015fmas\u0131, \u0130\u015f Birli\u011fi ve Ortakl\u0131k<\/strong><\/p>\t\t\t\t\t\t<\/div>\n\t\t\t\t<\/div>\n\t\t            <\/div>\n        <\/div>\n                            <\/div>\n        <\/section>\n                <section class=\"elementor-section elementor-top-section elementor-element elementor-element-56d03391 elementor-section-boxed elementor-section-height-default elementor-section-height-default ct-header-fixed-none ct-column-none ct-row-scroll-none ct-row-gradient--none\" data-id=\"56d03391\" data-element_type=\"section\">\n            \n                        <div class=\"elementor-container elementor-column-gap-default \">\n                    <div class=\"elementor-column elementor-col-50 elementor-top-column elementor-element elementor-element-2b4803d9 ct-column-none col-offset-none\" data-id=\"2b4803d9\" data-element_type=\"column\">\n            <div class=\"elementor-widget-wrap elementor-element-populated\">\n                        \t\t<div class=\"elementor-element elementor-element-1a91b489 elementor-widget elementor-widget-text-editor\" data-id=\"1a91b489\" data-element_type=\"widget\" data-widget_type=\"text-editor.default\">\n\t\t\t\t<div class=\"elementor-widget-container\">\n\t\t\t\t\t\t\t<p style=\"text-align: left;\"><strong>\u0130lkelerimiz<\/strong><\/p><ul><li style=\"text-align: left;\">Kalite<\/li><li style=\"text-align: left;\">G\u00fcven<\/li><li style=\"text-align: left;\">Dakiklik<\/li><\/ul>\t\t\t\t\t\t<\/div>\n\t\t\t\t<\/div>\n\t\t            <\/div>\n        <\/div>\n                <div class=\"elementor-column elementor-col-50 elementor-top-column elementor-element elementor-element-e492dc1 ct-column-none col-offset-none\" data-id=\"e492dc1\" data-element_type=\"column\">\n            <div class=\"elementor-widget-wrap elementor-element-populated\">\n                        \t\t<div class=\"elementor-element elementor-element-24411e5 elementor-widget elementor-widget-text-editor\" data-id=\"24411e5\" data-element_type=\"widget\" data-widget_type=\"text-editor.default\">\n\t\t\t\t<div class=\"elementor-widget-container\">\n\t\t\t\t\t\t\t<p><strong>De\u011ferlerimiz<\/strong><\/p><ul><li>\u00dcr\u00fcn Kalitesi<\/li><li>Profesyonel Hizmet<\/li><li>%100 Memnuniyet<\/li><li>Verimlilik<\/li><li>\u00c7e\u015fitlilik<\/li><li>Etiklik<\/li><li>\u015eeffafl\u0131k<\/li><li>S\u00fcrd\u00fcr\u00fclebilirlik<\/li><li>B\u00fct\u00fcnc\u00fcl olmak<\/li><li>M\u00fckemmellik<\/li><li>Tak\u0131m \u00c7al\u0131\u015fmas\u0131<\/li><li>\u0130\u015f Birli\u011fi ve Ortakl\u0131k<\/li><\/ul>\t\t\t\t\t\t<\/div>\n\t\t\t\t<\/div>\n\t\t            <\/div>\n        <\/div>\n                            <\/div>\n        <\/section>\n        \t\t\t\t\t<\/div>\n\t\t","protected":false},"excerpt":{"rendered":"<p>\u00dcr\u00fcn kalitesi, Profesyonel hizmet, % 100 Memnuniyet, M\u00fckemmellik, Tak\u0131m \u00c7al\u0131\u015fmas\u0131, \u0130\u015f Birli\u011fi ve Ortakl\u0131k \u0130lkelerimiz Kalite G\u00fcven Dakiklik De\u011ferlerimiz \u00dcr\u00fcn Kalitesi Profesyonel Hizmet %100 Memnuniyet Verimlilik \u00c7e\u015fitlilik Etiklik \u015eeffafl\u0131k S\u00fcrd\u00fcr\u00fclebilirlik B\u00fct\u00fcnc\u00fcl olmak M\u00fckemmellik Tak\u0131m \u00c7al\u0131\u015fmas\u0131 \u0130\u015f Birli\u011fi ve Ortakl\u0131k<\/p>\n","protected":false},"author":1,"featured_media":0,"parent":33,"menu_order":0,"comment_status":"closed","ping_status":"closed","template":"","meta":{"footnotes":""},"class_list":["post-7698","page","type-page","status-publish","hentry"],"_links":{"self":[{"href":"https:\/\/www.tursteel.com\/index.php\/wp-json\/wp\/v2\/pages\/7698","targetHints":{"allow":["GET"]}}],"collection":[{"href":"https:\/\/www.tursteel.com\/index.php\/wp-json\/wp\/v2\/pages"}],"about":[{"href":"https:\/\/www.tursteel.com\/index.php\/wp-json\/wp\/v2\/types\/page"}],"author":[{"embeddable":true,"href":"https:\/\/www.tursteel.com\/index.php\/wp-json\/wp\/v2\/users\/1"}],"replies":[{"embeddable":true,"href":"https:\/\/www.tursteel.com\/index.php\/wp-json\/wp\/v2\/comments?post=7698"}],"version-history":[{"count":7,"href":"https:\/\/www.tursteel.com\/index.php\/wp-json\/wp\/v2\/pages\/7698\/revisions"}],"predecessor-version":[{"id":7802,"href":"https:\/\/www.tursteel.com\/index.php\/wp-json\/wp\/v2\/pages\/7698\/revisions\/7802"}],"up":[{"embeddable":true,"href":"https:\/\/www.tursteel.com\/index.php\/wp-json\/wp\/v2\/pages\/33"}],"wp:attachment":[{"href":"https:\/\/www.tursteel.com\/index.php\/wp-json\/wp\/v2\/media?parent=7698"}],"curies":[{"name":"wp","href":"https:\/\/api.w.org\/{rel}","templated":true}]}}