{"id":7693,"date":"2023-05-13T06:31:01","date_gmt":"2023-05-13T06:31:01","guid":{"rendered":"https:\/\/www.tursteel.com\/?page_id=7693"},"modified":"2023-05-13T06:31:22","modified_gmt":"2023-05-13T06:31:22","slug":"hakkimizda","status":"publish","type":"page","link":"https:\/\/www.tursteel.com\/index.php\/kurumsal\/hakkimizda\/","title":{"rendered":"Hakk\u0131m\u0131zda"},"content":{"rendered":"<p>TURSTEEL A.\u015e. \u00fcreticiden (fabrikadan) ba\u011f\u0131ms\u0131z metal \u00fcr\u00fcn da\u011f\u0131t\u0131c\u0131s\u0131 ve metal projelerinde \u00e7\u00f6z\u00fcm orta\u011f\u0131d\u0131r. TURSTEEL A.\u015e. T\u00fcrkiye\u2019nin \u00f6nde gelen \u00e7elik \u00fcreticileriyle koordine halinde olan ve d\u00fcnyaya hizmet veren \u00e7elik da\u011f\u0131t\u0131c\u0131s\u0131 firmad\u0131r. \u0130lke olarak kalite, g\u00fcven ve dakikli\u011fi benimsemi\u015f TURSTEEL A.\u015e., makro e-ticarette T\u00fcrkiye\u2019nin lider firmas\u0131 olmak i\u00e7in \u00e7al\u0131\u015fmalar\u0131na devam etmektedir. Sekt\u00f6r\u00fcnde \u00f6nc\u00fc rol\u00fc \u00fcstlenen TURSTEEL A.\u015e. 21 farkl\u0131 \u00fcretici ile \u00e7al\u0131\u015farak T\u00fcrk \u00c7eli\u011finin \u00f6zellikle AB pazar\u0131ndaki pay\u0131n\u0131 artt\u0131rmay\u0131 hedeflemektedir.<\/p>\n<p>TURSTEEL A.\u015e. dijital \u00e7\u00f6z\u00fcmleri kullanarak daha ak\u0131lc\u0131 ve verimli bir tedarik zincirine do\u011fru ilerlemeyi hedef edinmi\u015ftir. Yenilik\u00e7i anlay\u0131\u015fla dijital \u00e7\u00f6z\u00fcmler sunarak m\u00fc\u015fteri gereksinimlerini kar\u015f\u0131lamada rakipsiz bir firmad\u0131r.<\/p>\n<p>TURSTEEL A.\u015e.\u2019nin dijital \u00e7\u00f6z\u00fcmleri, m\u00fc\u015fterileri i\u00e7in daha fazla hizmet, daha fazla \u015feffafl\u0131k, daha fazla se\u00e7enek ve daha verimli tedarik s\u00fcre\u00e7leri anlam\u0131na gelmektedir. Rekabet\u00e7i fiyatlar\u0131yla TURSTEEL Online sat\u0131\u015f \u00fczerinden istedi\u011finiz zaman istedi\u011finiz yerden \u00e7elik alabilir, projeleriniz i\u00e7in teklif talep edebilirsiniz.<\/p>\n<p>\u00c7evrimi\u00e7i ma\u011fazam\u0131z al\u0131\u015f\u0131lagelmi\u015f geleneksel al\u0131\u015fveri\u015ften ziyade,<\/p>\n<ul>\n<li>M\u00fc\u015fteriye \u00f6zel fiyatland\u0131rma,<\/li>\n<li>\u00c7evrim i\u00e7i fiyat ve sat\u0131n alma,<\/li>\n<li>Teklifleri \u00e7evrim i\u00e7i olarak an\u0131nda g\u00f6r\u00fcnt\u00fcleme,<\/li>\n<li>\u00d6zel istek ve projeleriniz i\u00e7in \u00e7evrimi\u00e7i dan\u0131\u015fma,<\/li>\n<li>Sat\u0131n alma ge\u00e7mi\u015finizi \u00e7evrim i\u00e7i olarak g\u00f6rebilme,<\/li>\n<li>\u00dcr\u00fcn ayr\u0131nt\u0131lar\u0131n\u0131, fiyatlar\u0131, bulunabilirlikleri ve teslim s\u00fcrelerini an\u0131nda g\u00f6rebilme, vb. gibi \u00e7ok daha fazla avantaja sahiptir.<\/li>\n<\/ul>\n","protected":false},"excerpt":{"rendered":"<p>TURSTEEL A.\u015e. \u00fcreticiden (fabrikadan) ba\u011f\u0131ms\u0131z metal \u00fcr\u00fcn da\u011f\u0131t\u0131c\u0131s\u0131 ve metal projelerinde \u00e7\u00f6z\u00fcm orta\u011f\u0131d\u0131r. TURSTEEL A.\u015e. T\u00fcrkiye\u2019nin \u00f6nde gelen \u00e7elik \u00fcreticileriyle koordine halinde olan ve d\u00fcnyaya hizmet veren \u00e7elik da\u011f\u0131t\u0131c\u0131s\u0131 firmad\u0131r. \u0130lke olarak kalite, g\u00fcven ve dakikli\u011fi benimsemi\u015f TURSTEEL A.\u015e., makro e-ticarette T\u00fcrkiye\u2019nin lider firmas\u0131 olmak i\u00e7in \u00e7al\u0131\u015fmalar\u0131na devam etmektedir. Sekt\u00f6r\u00fcnde \u00f6nc\u00fc rol\u00fc \u00fcstlenen TURSTEEL A.\u015e. [&hellip;]<\/p>\n","protected":false},"author":1,"featured_media":0,"parent":33,"menu_order":0,"comment_status":"closed","ping_status":"closed","template":"","meta":{"footnotes":""},"class_list":["post-7693","page","type-page","status-publish","hentry"],"_links":{"self":[{"href":"https:\/\/www.tursteel.com\/index.php\/wp-json\/wp\/v2\/pages\/7693","targetHints":{"allow":["GET"]}}],"collection":[{"href":"https:\/\/www.tursteel.com\/index.php\/wp-json\/wp\/v2\/pages"}],"about":[{"href":"https:\/\/www.tursteel.com\/index.php\/wp-json\/wp\/v2\/types\/page"}],"author":[{"embeddable":true,"href":"https:\/\/www.tursteel.com\/index.php\/wp-json\/wp\/v2\/users\/1"}],"replies":[{"embeddable":true,"href":"https:\/\/www.tursteel.com\/index.php\/wp-json\/wp\/v2\/comments?post=7693"}],"version-history":[{"count":2,"href":"https:\/\/www.tursteel.com\/index.php\/wp-json\/wp\/v2\/pages\/7693\/revisions"}],"predecessor-version":[{"id":7695,"href":"https:\/\/www.tursteel.com\/index.php\/wp-json\/wp\/v2\/pages\/7693\/revisions\/7695"}],"up":[{"embeddable":true,"href":"https:\/\/www.tursteel.com\/index.php\/wp-json\/wp\/v2\/pages\/33"}],"wp:attachment":[{"href":"https:\/\/www.tursteel.com\/index.php\/wp-json\/wp\/v2\/media?parent=7693"}],"curies":[{"name":"wp","href":"https:\/\/api.w.org\/{rel}","templated":true}]}}